{"id":5415,"date":"2021-02-24T16:15:09","date_gmt":"2021-02-24T16:15:09","guid":{"rendered":"https:\/\/www.arcolive.it\/servizi\/"},"modified":"2022-04-10T04:04:34","modified_gmt":"2022-04-10T03:04:34","slug":"servizi","status":"publish","type":"page","link":"https:\/\/www.arcolive.it\/de\/servizi\/","title":{"rendered":"Dienstleistungen"},"content":{"rendered":"\t\t<div data-elementor-type=\"wp-page\" data-elementor-id=\"5415\" class=\"elementor elementor-5415 elementor-4398\">\n\t\t\t\t\t\t<section class=\"elementor-section elementor-top-section elementor-element elementor-element-3ebb4c59 elementor-section-full_width qodef-elementor-content-grid elementor-section-height-default elementor-section-height-default\" data-id=\"3ebb4c59\" data-element_type=\"section\">\n\t\t\t\t\t\t<div class=\"elementor-container elementor-column-gap-no\">\n\t\t\t\t\t<div class=\"elementor-column elementor-col-33 elementor-top-column elementor-element elementor-element-6d1c9024\" data-id=\"6d1c9024\" data-element_type=\"column\">\n\t\t\t<div class=\"elementor-widget-wrap elementor-element-populated\">\n\t\t\t\t\t\t<div class=\"elementor-element elementor-element-3d390acb elementor-widget elementor-widget-alloggio_core_section_title\" data-id=\"3d390acb\" data-element_type=\"widget\" data-widget_type=\"alloggio_core_section_title.default\">\n\t\t\t\t<div class=\"elementor-widget-container\">\n\t\t\t\t\t<div class=\"qodef-shortcode qodef-m  qodef-section-title qodef-alignment--center\">\n\t\t<h2 class=\"qodef-m-title\" >\n\t\t\t\t\tUnsere Dienstleistungen\t\t\t<\/h2>\n\t<\/div>\t\t\t\t<\/div>\n\t\t\t\t<\/div>\n\t\t\t\t\t<\/div>\n\t\t<\/div>\n\t\t\t\t<div class=\"elementor-column elementor-col-66 elementor-top-column elementor-element elementor-element-5ca0c8aa\" data-id=\"5ca0c8aa\" data-element_type=\"column\">\n\t\t\t<div class=\"elementor-widget-wrap elementor-element-populated\">\n\t\t\t\t\t\t<div class=\"elementor-element elementor-element-6820b7c elementor-widget elementor-widget-wp-widget-alloggio_core_custom_font\" data-id=\"6820b7c\" data-element_type=\"widget\" data-widget_type=\"wp-widget-alloggio_core_custom_font.default\">\n\t\t\t\t<div class=\"elementor-widget-container\">\n\t\t\t\t\t<p class=\"qodef-shortcode qodef-m  qodef-custom-font qodef-custom-font-1 qodef-layout--simple\" style=\"font-size: 21px;line-height: 34px\">Jeder muss sich wie zu Hause f\u00fchlen, deshalb haben wir uns viele verschiedene L\u00f6sungen ausgedacht, um Ihre Erholung zu personalisieren, zum Beispiel die M\u00f6glichkeit, die Art des Kissens und die Weichheit der Matratze zu w\u00e4hlen. Unsere Zimmer sind ger\u00e4umig, sauber, komfortabel und sehr funktional.<\/p>\t\t\t\t<\/div>\n\t\t\t\t<\/div>\n\t\t\t\t<div class=\"elementor-element elementor-element-1a2f5c09 elementor-widget elementor-widget-alloggio_core_section_title\" data-id=\"1a2f5c09\" data-element_type=\"widget\" data-widget_type=\"alloggio_core_section_title.default\">\n\t\t\t\t<div class=\"elementor-widget-container\">\n\t\t\t\t\t<div class=\"qodef-shortcode qodef-m  qodef-section-title qodef-alignment--left\">\n\t\t\t<span class=\"qodef-m-text\" style=\"margin-top: 25px\">Dank des beheizten Swimmingpools k\u00f6nnen Sie sich in einer traumhaften Umgebung mit Olivenb\u00e4umen und unseren Bergen abk\u00fchlen und entspannen. Alleine, mit Ihrer Freundesgruppe, mit Ihrem Fahrrad, zu zweit oder mit Ihrem Vierbeiner sind Sie immer willkommen! In unserer Anlage ist Wasser f\u00fcr alle da, gereinigtes Wasser ist immer an der Rezeption erh\u00e4ltlich.\n\n<\/span>\n<\/div>\t\t\t\t<\/div>\n\t\t\t\t<\/div>\n\t\t\t\t\t<\/div>\n\t\t<\/div>\n\t\t\t\t\t<\/div>\n\t\t<\/section>\n\t\t\t\t<section class=\"elementor-section elementor-top-section elementor-element elementor-element-a9bcd75 elementor-section-full_width qodef-elementor-content-grid elementor-section-height-default elementor-section-height-default\" data-id=\"a9bcd75\" data-element_type=\"section\">\n\t\t\t\t\t\t<div class=\"elementor-container elementor-column-gap-no\">\n\t\t\t\t\t<div class=\"elementor-column elementor-col-25 elementor-top-column elementor-element elementor-element-686c4c7\" data-id=\"686c4c7\" data-element_type=\"column\">\n\t\t\t<div class=\"elementor-widget-wrap elementor-element-populated\">\n\t\t\t\t\t\t<div class=\"elementor-element elementor-element-6330fff elementor-widget elementor-widget-alloggio_core_image_with_text\" data-id=\"6330fff\" data-element_type=\"widget\" data-widget_type=\"alloggio_core_image_with_text.default\">\n\t\t\t\t<div class=\"elementor-widget-container\">\n\t\t\t\t\t<div class=\"qodef-shortcode qodef-m  qodef-image-with-text qodef-layout--text-below  \">\n\t<div class=\"qodef-m-image\">\n\t\t\t\t\t\t\t\t\t<img decoding=\"async\" src=\"https:\/\/www.arcolive.it\/wp-content\/uploads\/2021\/03\/swimming-pool-50x50.png\" alt=\"\" width=\"50\" height=\"50\" \/>\t\t\t\t\t\t\t\t\t<\/div>\t<div class=\"qodef-m-content\">\n\t\t\t<h4 class=\"qodef-m-title\" style=\"margin-top: 20px\">\n\t\t\t\t\tBeheizter Pool und Liegen\t\t\t<\/h4>\n\t\t\t<p class=\"qodef-m-text\" style=\"margin-top: 13px\">Ein Wasserspiegel im Olivenhain, wo Natur unseres Parc-Vigneto und Entspannung aufeinandertreffen. Inklusive Pool-Set mit Tasche, Handtuch und Hausschuhen\n\n<\/p>\n\t<\/div>\n<\/div>\t\t\t\t<\/div>\n\t\t\t\t<\/div>\n\t\t\t\t\t<\/div>\n\t\t<\/div>\n\t\t\t\t<div class=\"elementor-column elementor-col-25 elementor-top-column elementor-element elementor-element-e95d3d0\" data-id=\"e95d3d0\" data-element_type=\"column\">\n\t\t\t<div class=\"elementor-widget-wrap elementor-element-populated\">\n\t\t\t\t\t\t<div class=\"elementor-element elementor-element-acca673 elementor-widget elementor-widget-alloggio_core_image_with_text\" data-id=\"acca673\" data-element_type=\"widget\" data-widget_type=\"alloggio_core_image_with_text.default\">\n\t\t\t\t<div class=\"elementor-widget-container\">\n\t\t\t\t\t<div class=\"qodef-shortcode qodef-m  qodef-image-with-text qodef-layout--text-below  \">\n\t<div class=\"qodef-m-image\">\n\t\t\t\t\t\t\t\t\t<img decoding=\"async\" src=\"https:\/\/www.arcolive.it\/wp-content\/uploads\/2021\/03\/breakfast-50x50.png\" alt=\"\" width=\"50\" height=\"50\" \/>\t\t\t\t\t\t\t\t\t<\/div>\t<div class=\"qodef-m-content\">\n\t\t\t<h4 class=\"qodef-m-title\" style=\"margin-top: 20px\">\n\t\t\t\t\tFr\u00fchst\u00fcck\t\t\t<\/h4>\n\t\t\t<p class=\"qodef-m-text\" style=\"margin-top: 13px\">Reichhaltiges s\u00fc\u00dfes und herzhaftes Fr\u00fchst\u00fccksbuffet mit vielen ausgew\u00e4hlten lokalen Produkten und hausgemachten Desserts, auf der Terrasse f\u00fcr einen optimalen Start in den Tag und unter freiem Himmel\n\n<\/p>\n\t<\/div>\n<\/div>\t\t\t\t<\/div>\n\t\t\t\t<\/div>\n\t\t\t\t\t<\/div>\n\t\t<\/div>\n\t\t\t\t<div class=\"elementor-column elementor-col-25 elementor-top-column elementor-element elementor-element-384cf68\" data-id=\"384cf68\" data-element_type=\"column\">\n\t\t\t<div class=\"elementor-widget-wrap elementor-element-populated\">\n\t\t\t\t\t\t<div class=\"elementor-element elementor-element-552ee97 elementor-widget elementor-widget-alloggio_core_image_with_text\" data-id=\"552ee97\" data-element_type=\"widget\" data-widget_type=\"alloggio_core_image_with_text.default\">\n\t\t\t\t<div class=\"elementor-widget-container\">\n\t\t\t\t\t<div class=\"qodef-shortcode qodef-m  qodef-image-with-text qodef-layout--text-below  \">\n\t<div class=\"qodef-m-image\">\n\t\t\t\t\t\t\t\t\t\t\t\t\t\t\t\t\t\t<\/div>\t<div class=\"qodef-m-content\">\n\t\t\t\t\t<p class=\"qodef-m-text\" style=\"margin-top: 13px\">\n\n<\/p>\n\t<\/div>\n<\/div>\t\t\t\t<\/div>\n\t\t\t\t<\/div>\n\t\t\t\t\t<\/div>\n\t\t<\/div>\n\t\t\t\t<div class=\"elementor-column elementor-col-25 elementor-top-column elementor-element elementor-element-86f1f16\" data-id=\"86f1f16\" data-element_type=\"column\">\n\t\t\t<div class=\"elementor-widget-wrap elementor-element-populated\">\n\t\t\t\t\t\t<div class=\"elementor-element elementor-element-b40b8a2 elementor-widget elementor-widget-alloggio_core_image_with_text\" data-id=\"b40b8a2\" data-element_type=\"widget\" data-widget_type=\"alloggio_core_image_with_text.default\">\n\t\t\t\t<div class=\"elementor-widget-container\">\n\t\t\t\t\t<div class=\"qodef-shortcode qodef-m  qodef-image-with-text qodef-layout--text-below  \">\n\t<div class=\"qodef-m-image\">\n\t\t\t\t\t\t\t\t\t<img decoding=\"async\" src=\"https:\/\/www.arcolive.it\/wp-content\/uploads\/2021\/03\/bicycle-50x50.png\" alt=\"\" width=\"50\" height=\"50\" \/>\t\t\t\t\t\t\t\t\t<\/div>\t<div class=\"qodef-m-content\">\n\t\t\t<h4 class=\"qodef-m-title\" style=\"margin-top: 20px\">\n\t\t\t\t\tFahrrad\t\t\t<\/h4>\n\t\t\t<p class=\"qodef-m-text\" style=\"margin-top: 13px\">Fahrradmietvertrag\n\n<\/p>\n\t<\/div>\n<\/div>\t\t\t\t<\/div>\n\t\t\t\t<\/div>\n\t\t\t\t\t<\/div>\n\t\t<\/div>\n\t\t\t\t\t<\/div>\n\t\t<\/section>\n\t\t\t\t<section class=\"elementor-section elementor-top-section elementor-element elementor-element-a0d2bba elementor-section-full_width qodef-elementor-content-grid elementor-section-height-default elementor-section-height-default\" data-id=\"a0d2bba\" data-element_type=\"section\">\n\t\t\t\t\t\t<div class=\"elementor-container elementor-column-gap-no\">\n\t\t\t\t\t<div class=\"elementor-column elementor-col-25 elementor-top-column elementor-element elementor-element-36673cf\" data-id=\"36673cf\" data-element_type=\"column\">\n\t\t\t<div class=\"elementor-widget-wrap elementor-element-populated\">\n\t\t\t\t\t\t<div class=\"elementor-element elementor-element-1770090 elementor-widget elementor-widget-alloggio_core_image_with_text\" data-id=\"1770090\" data-element_type=\"widget\" data-widget_type=\"alloggio_core_image_with_text.default\">\n\t\t\t\t<div class=\"elementor-widget-container\">\n\t\t\t\t\t<div class=\"qodef-shortcode qodef-m  qodef-image-with-text qodef-layout--text-below  \">\n\t<div class=\"qodef-m-image\">\n\t\t\t\t\t\t\t\t\t<img loading=\"lazy\" decoding=\"async\" src=\"https:\/\/www.arcolive.it\/wp-content\/uploads\/2021\/03\/wifi-signal-36x36.png\" alt=\"\" width=\"36\" height=\"36\" \/>\t\t\t\t\t\t\t\t\t<\/div>\t<div class=\"qodef-m-content\">\n\t\t\t<h4 class=\"qodef-m-title\" style=\"margin-top: 20px\">\n\t\t\t\t\tW-LAN\t\t\t<\/h4>\n\t\t\t<p class=\"qodef-m-text\" style=\"margin-top: 13px\">Kostenloses WIFI in allen Zimmern und ....\n\n<\/p>\n\t<\/div>\n<\/div>\t\t\t\t<\/div>\n\t\t\t\t<\/div>\n\t\t\t\t\t<\/div>\n\t\t<\/div>\n\t\t\t\t<div class=\"elementor-column elementor-col-25 elementor-top-column elementor-element elementor-element-938ef76\" data-id=\"938ef76\" data-element_type=\"column\">\n\t\t\t<div class=\"elementor-widget-wrap elementor-element-populated\">\n\t\t\t\t\t\t<div class=\"elementor-element elementor-element-7f00da5 elementor-widget elementor-widget-alloggio_core_image_with_text\" data-id=\"7f00da5\" data-element_type=\"widget\" data-widget_type=\"alloggio_core_image_with_text.default\">\n\t\t\t\t<div class=\"elementor-widget-container\">\n\t\t\t\t\t<div class=\"qodef-shortcode qodef-m  qodef-image-with-text qodef-layout--text-below  \">\n\t<div class=\"qodef-m-image\">\n\t\t\t\t\t\t\t\t\t<img loading=\"lazy\" decoding=\"async\" src=\"https:\/\/www.arcolive.it\/wp-content\/uploads\/2021\/03\/double-bed-50x50.png\" alt=\"\" width=\"50\" height=\"50\" \/>\t\t\t\t\t\t\t\t\t<\/div>\t<div class=\"qodef-m-content\">\n\t\t\t<h4 class=\"qodef-m-title\" style=\"margin-top: 20px\">\n\t\t\t\t\tKissen und Matratze.\t\t\t<\/h4>\n\t\t\t<p class=\"qodef-m-text\" style=\"margin-top: 13px\">Sie k\u00f6nnen die Art des Kissens und die Weichheit der Matratze w\u00e4hlen.\n\n<\/p>\n\t<\/div>\n<\/div>\t\t\t\t<\/div>\n\t\t\t\t<\/div>\n\t\t\t\t\t<\/div>\n\t\t<\/div>\n\t\t\t\t<div class=\"elementor-column elementor-col-25 elementor-top-column elementor-element elementor-element-847cb54\" data-id=\"847cb54\" data-element_type=\"column\">\n\t\t\t<div class=\"elementor-widget-wrap elementor-element-populated\">\n\t\t\t\t\t\t<div class=\"elementor-element elementor-element-6fe3cdf elementor-widget elementor-widget-alloggio_core_image_with_text\" data-id=\"6fe3cdf\" data-element_type=\"widget\" data-widget_type=\"alloggio_core_image_with_text.default\">\n\t\t\t\t<div class=\"elementor-widget-container\">\n\t\t\t\t\t<div class=\"qodef-shortcode qodef-m  qodef-image-with-text qodef-layout--text-below  \">\n\t<div class=\"qodef-m-image\">\n\t\t\t\t\t\t\t\t\t<img loading=\"lazy\" decoding=\"async\" src=\"https:\/\/www.arcolive.it\/wp-content\/uploads\/2021\/03\/car-charging-50x50.png\" alt=\"\" width=\"50\" height=\"50\" \/>\t\t\t\t\t\t\t\t\t<\/div>\t<div class=\"qodef-m-content\">\n\t\t\t<h4 class=\"qodef-m-title\" style=\"margin-top: 20px\">\n\t\t\t\t\tE-Station\t\t\t<\/h4>\n\t\t\t<p class=\"qodef-m-text\" style=\"margin-top: 13px\">\u201eDestination Charging\u201c Parken und elektrisches Laden\n\n<\/p>\n\t<\/div>\n<\/div>\t\t\t\t<\/div>\n\t\t\t\t<\/div>\n\t\t\t\t\t<\/div>\n\t\t<\/div>\n\t\t\t\t<div class=\"elementor-column elementor-col-25 elementor-top-column elementor-element elementor-element-cacc580\" data-id=\"cacc580\" data-element_type=\"column\">\n\t\t\t<div class=\"elementor-widget-wrap elementor-element-populated\">\n\t\t\t\t\t\t<div class=\"elementor-element elementor-element-41c69c3 elementor-widget elementor-widget-alloggio_core_image_with_text\" data-id=\"41c69c3\" data-element_type=\"widget\" data-widget_type=\"alloggio_core_image_with_text.default\">\n\t\t\t\t<div class=\"elementor-widget-container\">\n\t\t\t\t\t<div class=\"qodef-shortcode qodef-m  qodef-image-with-text qodef-layout--text-below  \">\n\t<div class=\"qodef-m-image\">\n\t\t\t\t\t\t\t\t\t<img loading=\"lazy\" decoding=\"async\" src=\"https:\/\/www.arcolive.it\/wp-content\/uploads\/2021\/03\/washing-machine-50x50.png\" alt=\"\" width=\"50\" height=\"50\" \/>\t\t\t\t\t\t\t\t\t<\/div>\t<div class=\"qodef-m-content\">\n\t\t\t<h4 class=\"qodef-m-title\" style=\"margin-top: 20px\">\n\t\t\t\t\tW\u00e4schetrockner\t\t\t<\/h4>\n\t\t\t<p class=\"qodef-m-text\" style=\"margin-top: 13px\">Es gibt eine Waschmaschine und einen Trockner, um W\u00e4sche wie zu Hause zu waschen.\n\n<\/p>\n\t<\/div>\n<\/div>\t\t\t\t<\/div>\n\t\t\t\t<\/div>\n\t\t\t\t\t<\/div>\n\t\t<\/div>\n\t\t\t\t\t<\/div>\n\t\t<\/section>\n\t\t\t\t<section class=\"elementor-section elementor-top-section elementor-element elementor-element-7570b3a elementor-section-full_width qodef-elementor-content-grid elementor-section-height-default elementor-section-height-default\" data-id=\"7570b3a\" data-element_type=\"section\">\n\t\t\t\t\t\t<div class=\"elementor-container elementor-column-gap-no\">\n\t\t\t\t\t<div class=\"elementor-column elementor-col-25 elementor-top-column elementor-element elementor-element-b9afddb\" data-id=\"b9afddb\" data-element_type=\"column\">\n\t\t\t<div class=\"elementor-widget-wrap elementor-element-populated\">\n\t\t\t\t\t\t<div class=\"elementor-element elementor-element-f6bed27 elementor-widget elementor-widget-alloggio_core_image_with_text\" data-id=\"f6bed27\" data-element_type=\"widget\" data-widget_type=\"alloggio_core_image_with_text.default\">\n\t\t\t\t<div class=\"elementor-widget-container\">\n\t\t\t\t\t<div class=\"qodef-shortcode qodef-m  qodef-image-with-text qodef-layout--text-below  \">\n\t<div class=\"qodef-m-image\">\n\t\t\t\t\t\t\t\t\t<img loading=\"lazy\" decoding=\"async\" src=\"https:\/\/www.arcolive.it\/wp-content\/uploads\/2021\/03\/air-conditioner-50x50.png\" alt=\"\" width=\"50\" height=\"50\" \/>\t\t\t\t\t\t\t\t\t<\/div>\t<div class=\"qodef-m-content\">\n\t\t\t<h4 class=\"qodef-m-title\" style=\"margin-top: 20px\">\n\t\t\t\t\tIm Raum\t\t\t<\/h4>\n\t\t\t<p class=\"qodef-m-text\" style=\"margin-top: 13px\">Klimaanlage - Fu\u00dfbodenheizung - Minibar - Und Sat-TV - Mineralwasser inklusive\n\n<\/p>\n\t<\/div>\n<\/div>\t\t\t\t<\/div>\n\t\t\t\t<\/div>\n\t\t\t\t\t<\/div>\n\t\t<\/div>\n\t\t\t\t<div class=\"elementor-column elementor-col-25 elementor-top-column elementor-element elementor-element-ff319d0\" data-id=\"ff319d0\" data-element_type=\"column\">\n\t\t\t<div class=\"elementor-widget-wrap elementor-element-populated\">\n\t\t\t\t\t\t<div class=\"elementor-element elementor-element-939496a elementor-widget elementor-widget-alloggio_core_image_with_text\" data-id=\"939496a\" data-element_type=\"widget\" data-widget_type=\"alloggio_core_image_with_text.default\">\n\t\t\t\t<div class=\"elementor-widget-container\">\n\t\t\t\t\t<div class=\"qodef-shortcode qodef-m  qodef-image-with-text qodef-layout--text-below  \">\n\t<div class=\"qodef-m-image\">\n\t\t\t\t\t\t\t\t\t<img loading=\"lazy\" decoding=\"async\" src=\"https:\/\/www.arcolive.it\/wp-content\/uploads\/2021\/03\/wardrobe-50x50.png\" alt=\"\" width=\"50\" height=\"50\" \/>\t\t\t\t\t\t\t\t\t<\/div>\t<div class=\"qodef-m-content\">\n\t\t\t<h4 class=\"qodef-m-title\" style=\"margin-top: 20px\">\n\t\t\t\t\t... sogar im Zimmer\t\t\t<\/h4>\n\t\t\t<p class=\"qodef-m-text\" style=\"margin-top: 13px\">Offener Kleiderschrank - Wasserkocher mit Tee- und Kr\u00e4uterteeauswahl - Nespresso-Kaffee - Safe - F\u00f6n.\n\n<\/p>\n\t<\/div>\n<\/div>\t\t\t\t<\/div>\n\t\t\t\t<\/div>\n\t\t\t\t\t<\/div>\n\t\t<\/div>\n\t\t\t\t<div class=\"elementor-column elementor-col-25 elementor-top-column elementor-element elementor-element-364ce4f\" data-id=\"364ce4f\" data-element_type=\"column\">\n\t\t\t<div class=\"elementor-widget-wrap elementor-element-populated\">\n\t\t\t\t\t\t<div class=\"elementor-element elementor-element-65f0653 elementor-widget elementor-widget-alloggio_core_image_with_text\" data-id=\"65f0653\" data-element_type=\"widget\" data-widget_type=\"alloggio_core_image_with_text.default\">\n\t\t\t\t<div class=\"elementor-widget-container\">\n\t\t\t\t\t<div class=\"qodef-shortcode qodef-m  qodef-image-with-text qodef-layout--text-below  \">\n\t<div class=\"qodef-m-image\">\n\t\t\t\t\t\t\t\t\t<img loading=\"lazy\" decoding=\"async\" src=\"https:\/\/www.arcolive.it\/wp-content\/uploads\/2021\/03\/wine-bottle-outline-1-50x50.png\" alt=\"\" width=\"50\" height=\"50\" \/>\t\t\t\t\t\t\t\t\t<\/div>\t<div class=\"qodef-m-content\">\n\t\t\t<h3 class=\"qodef-m-title\" style=\"margin-top: 20px\">\n\t\t\t\t\tGesch\u00e4ft\t\t\t<\/h3>\n\t\t\t<p class=\"qodef-m-text\" style=\"margin-top: 13px\">Von unserem Hof\n\n<\/p>\n\t<\/div>\n<\/div>\t\t\t\t<\/div>\n\t\t\t\t<\/div>\n\t\t\t\t\t<\/div>\n\t\t<\/div>\n\t\t\t\t<div class=\"elementor-column elementor-col-25 elementor-top-column elementor-element elementor-element-0597399\" data-id=\"0597399\" data-element_type=\"column\">\n\t\t\t<div class=\"elementor-widget-wrap\">\n\t\t\t\t\t\t\t<\/div>\n\t\t<\/div>\n\t\t\t\t\t<\/div>\n\t\t<\/section>\n\t\t\t\t<\/div>\n\t\t","protected":false},"excerpt":{"rendered":"<p>Unsere Dienstleistungen Dank des beheizten Swimmingpools k\u00f6nnen Sie sich in einer traumhaften Umgebung mit Olivenb\u00e4umen und unseren Bergen abk\u00fchlen und entspannen. Alleine, mit Ihrer Freundesgruppe, mit Ihrem Fahrrad, zu zweit oder mit Ihrem Vierbeiner sind Sie immer willkommen! In unserer Anlage ist Wasser f\u00fcr alle da, gereinigtes Wasser ist immer an der Rezeption erh\u00e4ltlich. Beheizter [&hellip;]<\/p>\n","protected":false},"author":1,"featured_media":0,"parent":0,"menu_order":0,"comment_status":"closed","ping_status":"closed","template":"","meta":{"footnotes":""},"class_list":["post-5415","page","type-page","status-publish","hentry"],"yoast_head":"<!-- This site is optimized with the Yoast SEO plugin v27.4 - https:\/\/yoast.com\/product\/yoast-seo-wordpress\/ -->\n<title>Dienstleistungen - Arcolive - Agritur - Garda Trentino - Lago di Garda<\/title>\n<meta name=\"description\" content=\"All&#039;agritur Arcolive ad Arco nel Garda Trentino puoi trovare una piscina riscaldata, parcheggio e ricarica elettrica TESLA e molti altri servizi.\" \/>\n<meta name=\"robots\" content=\"index, follow, max-snippet:-1, max-image-preview:large, max-video-preview:-1\" \/>\n<link rel=\"canonical\" href=\"https:\/\/www.arcolive.it\/servizi\/\" \/>\n<meta property=\"og:locale\" content=\"de_DE\" \/>\n<meta property=\"og:type\" content=\"article\" \/>\n<meta property=\"og:title\" content=\"Dienstleistungen - Arcolive - Agritur - Garda Trentino - Lago di Garda\" \/>\n<meta property=\"og:description\" content=\"All&#039;agritur Arcolive ad Arco nel Garda Trentino puoi trovare una piscina riscaldata, parcheggio e ricarica elettrica TESLA e molti altri servizi.\" \/>\n<meta property=\"og:url\" content=\"https:\/\/www.arcolive.it\/servizi\/\" \/>\n<meta property=\"og:site_name\" content=\"Arcolive\" \/>\n<meta property=\"article:modified_time\" content=\"2022-04-10T03:04:34+00:00\" \/>\n<meta property=\"og:image\" content=\"https:\/\/www.arcolive.it\/wp-content\/uploads\/2021\/03\/swimming-pool-50x50.png\" \/>\n<meta name=\"twitter:card\" content=\"summary_large_image\" \/>\n<meta name=\"twitter:label1\" content=\"Gesch\u00e4tzte Lesezeit\" \/>\n\t<meta name=\"twitter:data1\" content=\"4\u00a0Minuten\" \/>\n<script type=\"application\/ld+json\" class=\"yoast-schema-graph\">{\"@context\":\"https:\\\/\\\/schema.org\",\"@graph\":[{\"@type\":\"WebPage\",\"@id\":\"https:\\\/\\\/www.arcolive.it\\\/servizi\\\/\",\"url\":\"https:\\\/\\\/www.arcolive.it\\\/servizi\\\/\",\"name\":\"Dienstleistungen - Arcolive - Agritur - Garda Trentino - Lago di Garda\",\"isPartOf\":{\"@id\":\"https:\\\/\\\/www.arcolive.it\\\/#website\"},\"primaryImageOfPage\":{\"@id\":\"https:\\\/\\\/www.arcolive.it\\\/servizi\\\/#primaryimage\"},\"image\":{\"@id\":\"https:\\\/\\\/www.arcolive.it\\\/servizi\\\/#primaryimage\"},\"thumbnailUrl\":\"https:\\\/\\\/www.arcolive.it\\\/wp-content\\\/uploads\\\/2021\\\/03\\\/swimming-pool-50x50.png\",\"datePublished\":\"2021-02-24T16:15:09+00:00\",\"dateModified\":\"2022-04-10T03:04:34+00:00\",\"description\":\"All'agritur Arcolive ad Arco nel Garda Trentino puoi trovare una piscina riscaldata, parcheggio e ricarica elettrica TESLA e molti altri servizi.\",\"breadcrumb\":{\"@id\":\"https:\\\/\\\/www.arcolive.it\\\/servizi\\\/#breadcrumb\"},\"inLanguage\":\"de\",\"potentialAction\":[{\"@type\":\"ReadAction\",\"target\":[\"https:\\\/\\\/www.arcolive.it\\\/servizi\\\/\"]}]},{\"@type\":\"ImageObject\",\"inLanguage\":\"de\",\"@id\":\"https:\\\/\\\/www.arcolive.it\\\/servizi\\\/#primaryimage\",\"url\":\"https:\\\/\\\/www.arcolive.it\\\/wp-content\\\/uploads\\\/2021\\\/03\\\/swimming-pool-50x50.png\",\"contentUrl\":\"https:\\\/\\\/www.arcolive.it\\\/wp-content\\\/uploads\\\/2021\\\/03\\\/swimming-pool-50x50.png\"},{\"@type\":\"BreadcrumbList\",\"@id\":\"https:\\\/\\\/www.arcolive.it\\\/servizi\\\/#breadcrumb\",\"itemListElement\":[{\"@type\":\"ListItem\",\"position\":1,\"name\":\"Home\",\"item\":\"https:\\\/\\\/www.arcolive.it\\\/de\\\/\"},{\"@type\":\"ListItem\",\"position\":2,\"name\":\"Dienstleistungen\"}]},{\"@type\":\"WebSite\",\"@id\":\"https:\\\/\\\/www.arcolive.it\\\/#website\",\"url\":\"https:\\\/\\\/www.arcolive.it\\\/\",\"name\":\"Arcolive\",\"description\":\"Agrisuite\",\"potentialAction\":[{\"@type\":\"SearchAction\",\"target\":{\"@type\":\"EntryPoint\",\"urlTemplate\":\"https:\\\/\\\/www.arcolive.it\\\/?s={search_term_string}\"},\"query-input\":{\"@type\":\"PropertyValueSpecification\",\"valueRequired\":true,\"valueName\":\"search_term_string\"}}],\"inLanguage\":\"de\"}]}<\/script>\n<!-- \/ Yoast SEO plugin. -->","yoast_head_json":{"title":"Dienstleistungen - Arcolive - Agritur - Garda Trentino - Lago di Garda","description":"All'agritur Arcolive ad Arco nel Garda Trentino puoi trovare una piscina riscaldata, parcheggio e ricarica elettrica TESLA e molti altri servizi.","robots":{"index":"index","follow":"follow","max-snippet":"max-snippet:-1","max-image-preview":"max-image-preview:large","max-video-preview":"max-video-preview:-1"},"canonical":"https:\/\/www.arcolive.it\/servizi\/","og_locale":"de_DE","og_type":"article","og_title":"Dienstleistungen - Arcolive - Agritur - Garda Trentino - Lago di Garda","og_description":"All'agritur Arcolive ad Arco nel Garda Trentino puoi trovare una piscina riscaldata, parcheggio e ricarica elettrica TESLA e molti altri servizi.","og_url":"https:\/\/www.arcolive.it\/servizi\/","og_site_name":"Arcolive","article_modified_time":"2022-04-10T03:04:34+00:00","og_image":[{"url":"https:\/\/www.arcolive.it\/wp-content\/uploads\/2021\/03\/swimming-pool-50x50.png","type":"","width":"","height":""}],"twitter_card":"summary_large_image","twitter_misc":{"Gesch\u00e4tzte Lesezeit":"4\u00a0Minuten"},"schema":{"@context":"https:\/\/schema.org","@graph":[{"@type":"WebPage","@id":"https:\/\/www.arcolive.it\/servizi\/","url":"https:\/\/www.arcolive.it\/servizi\/","name":"Dienstleistungen - Arcolive - Agritur - Garda Trentino - Lago di Garda","isPartOf":{"@id":"https:\/\/www.arcolive.it\/#website"},"primaryImageOfPage":{"@id":"https:\/\/www.arcolive.it\/servizi\/#primaryimage"},"image":{"@id":"https:\/\/www.arcolive.it\/servizi\/#primaryimage"},"thumbnailUrl":"https:\/\/www.arcolive.it\/wp-content\/uploads\/2021\/03\/swimming-pool-50x50.png","datePublished":"2021-02-24T16:15:09+00:00","dateModified":"2022-04-10T03:04:34+00:00","description":"All'agritur Arcolive ad Arco nel Garda Trentino puoi trovare una piscina riscaldata, parcheggio e ricarica elettrica TESLA e molti altri servizi.","breadcrumb":{"@id":"https:\/\/www.arcolive.it\/servizi\/#breadcrumb"},"inLanguage":"de","potentialAction":[{"@type":"ReadAction","target":["https:\/\/www.arcolive.it\/servizi\/"]}]},{"@type":"ImageObject","inLanguage":"de","@id":"https:\/\/www.arcolive.it\/servizi\/#primaryimage","url":"https:\/\/www.arcolive.it\/wp-content\/uploads\/2021\/03\/swimming-pool-50x50.png","contentUrl":"https:\/\/www.arcolive.it\/wp-content\/uploads\/2021\/03\/swimming-pool-50x50.png"},{"@type":"BreadcrumbList","@id":"https:\/\/www.arcolive.it\/servizi\/#breadcrumb","itemListElement":[{"@type":"ListItem","position":1,"name":"Home","item":"https:\/\/www.arcolive.it\/de\/"},{"@type":"ListItem","position":2,"name":"Dienstleistungen"}]},{"@type":"WebSite","@id":"https:\/\/www.arcolive.it\/#website","url":"https:\/\/www.arcolive.it\/","name":"Arcolive","description":"Agrisuite","potentialAction":[{"@type":"SearchAction","target":{"@type":"EntryPoint","urlTemplate":"https:\/\/www.arcolive.it\/?s={search_term_string}"},"query-input":{"@type":"PropertyValueSpecification","valueRequired":true,"valueName":"search_term_string"}}],"inLanguage":"de"}]}},"_links":{"self":[{"href":"https:\/\/www.arcolive.it\/de\/wp-json\/wp\/v2\/pages\/5415","targetHints":{"allow":["GET"]}}],"collection":[{"href":"https:\/\/www.arcolive.it\/de\/wp-json\/wp\/v2\/pages"}],"about":[{"href":"https:\/\/www.arcolive.it\/de\/wp-json\/wp\/v2\/types\/page"}],"author":[{"embeddable":true,"href":"https:\/\/www.arcolive.it\/de\/wp-json\/wp\/v2\/users\/1"}],"replies":[{"embeddable":true,"href":"https:\/\/www.arcolive.it\/de\/wp-json\/wp\/v2\/comments?post=5415"}],"version-history":[{"count":5,"href":"https:\/\/www.arcolive.it\/de\/wp-json\/wp\/v2\/pages\/5415\/revisions"}],"predecessor-version":[{"id":6958,"href":"https:\/\/www.arcolive.it\/de\/wp-json\/wp\/v2\/pages\/5415\/revisions\/6958"}],"wp:attachment":[{"href":"https:\/\/www.arcolive.it\/de\/wp-json\/wp\/v2\/media?parent=5415"}],"curies":[{"name":"wp","href":"https:\/\/api.w.org\/{rel}","templated":true}]}}