{"id":5432,"date":"2020-04-01T10:05:27","date_gmt":"2020-04-01T10:05:27","guid":{"rendered":"https:\/\/www.arcolive.it\/garda-experience\/"},"modified":"2021-06-10T13:06:30","modified_gmt":"2021-06-10T12:06:30","slug":"garda-experience","status":"publish","type":"page","link":"https:\/\/www.arcolive.it\/de\/garda-experience\/","title":{"rendered":"Was zu tun ist"},"content":{"rendered":"\t\t<div data-elementor-type=\"wp-page\" data-elementor-id=\"5432\" class=\"elementor elementor-5432 elementor-2712\">\n\t\t\t\t\t\t<section class=\"elementor-section elementor-top-section elementor-element elementor-element-89d494d elementor-section-full_width qodef-elementor-content-grid elementor-section-height-default elementor-section-height-default\" data-id=\"89d494d\" data-element_type=\"section\">\n\t\t\t\t\t\t<div class=\"elementor-container elementor-column-gap-no\">\n\t\t\t\t\t<div class=\"elementor-column elementor-col-33 elementor-top-column elementor-element elementor-element-8b609be\" data-id=\"8b609be\" data-element_type=\"column\">\n\t\t\t<div class=\"elementor-widget-wrap elementor-element-populated\">\n\t\t\t\t\t\t<div class=\"elementor-element elementor-element-2a96a9a8 elementor-widget elementor-widget-alloggio_core_section_title\" data-id=\"2a96a9a8\" data-element_type=\"widget\" data-widget_type=\"alloggio_core_section_title.default\">\n\t\t\t\t<div class=\"elementor-widget-container\">\n\t\t\t\t\t<div class=\"qodef-shortcode qodef-m  qodef-section-title qodef-alignment--center\">\n\t\t<h2 class=\"qodef-m-title\" >\n\t\t\t\t\tArco ist das Herz des Garda Trentino\t\t\t<\/h2>\n\t<\/div>\t\t\t\t<\/div>\n\t\t\t\t<\/div>\n\t\t\t\t\t<\/div>\n\t\t<\/div>\n\t\t\t\t<div class=\"elementor-column elementor-col-66 elementor-top-column elementor-element elementor-element-f0df83e\" data-id=\"f0df83e\" data-element_type=\"column\">\n\t\t\t<div class=\"elementor-widget-wrap elementor-element-populated\">\n\t\t\t\t\t\t<div class=\"elementor-element elementor-element-8921bc5 elementor-widget elementor-widget-wp-widget-alloggio_core_custom_font\" data-id=\"8921bc5\" data-element_type=\"widget\" data-widget_type=\"wp-widget-alloggio_core_custom_font.default\">\n\t\t\t\t<div class=\"elementor-widget-container\">\n\t\t\t\t\t<p class=\"qodef-shortcode qodef-m  qodef-custom-font qodef-custom-font-1 qodef-layout--simple\" style=\"font-size: 21px;line-height: 34px\">Seine Lage, auf der einen Seite vom Gardasee und auf der anderen von den Bergen umgeben, macht diese Stadt zu einem idealen Ziel f\u00fcr diejenigen, die gleichzeitig einen erholsamen und aktiven Urlaub suchen.<\/p>\t\t\t\t<\/div>\n\t\t\t\t<\/div>\n\t\t\t\t\t<\/div>\n\t\t<\/div>\n\t\t\t\t\t<\/div>\n\t\t<\/section>\n\t\t\t\t<section class=\"elementor-section elementor-top-section elementor-element elementor-element-a9bcd75 elementor-section-full_width qodef-elementor-content-grid elementor-section-height-default elementor-section-height-default\" data-id=\"a9bcd75\" data-element_type=\"section\">\n\t\t\t\t\t\t<div class=\"elementor-container elementor-column-gap-no\">\n\t\t\t\t\t<div class=\"elementor-column elementor-col-33 elementor-top-column elementor-element elementor-element-686c4c7\" data-id=\"686c4c7\" data-element_type=\"column\">\n\t\t\t<div class=\"elementor-widget-wrap elementor-element-populated\">\n\t\t\t\t\t\t<div class=\"elementor-element elementor-element-6330fff elementor-widget elementor-widget-alloggio_core_image_with_text\" data-id=\"6330fff\" data-element_type=\"widget\" data-widget_type=\"alloggio_core_image_with_text.default\">\n\t\t\t\t<div class=\"elementor-widget-container\">\n\t\t\t\t\t<div class=\"qodef-shortcode qodef-m  qodef-image-with-text qodef-layout--text-below  \">\n\t<div class=\"qodef-m-image\">\n\t\t\t\t\t\t\t\t\t<img fetchpriority=\"high\" decoding=\"async\" width=\"1012\" height=\"675\" src=\"https:\/\/www.arcolive.it\/wp-content\/uploads\/2021\/03\/die-burg-von-arco-und-die-olivaia-olivenhain-.jpg\" class=\"qodef-e-main-image\" alt=\"\" srcset=\"https:\/\/www.arcolive.it\/wp-content\/uploads\/2021\/03\/die-burg-von-arco-und-die-olivaia-olivenhain-.jpg 1012w, https:\/\/www.arcolive.it\/wp-content\/uploads\/2021\/03\/die-burg-von-arco-und-die-olivaia-olivenhain--300x200.jpg 300w, https:\/\/www.arcolive.it\/wp-content\/uploads\/2021\/03\/die-burg-von-arco-und-die-olivaia-olivenhain--768x512.jpg 768w, https:\/\/www.arcolive.it\/wp-content\/uploads\/2021\/03\/die-burg-von-arco-und-die-olivaia-olivenhain--600x400.jpg 600w\" sizes=\"(max-width: 1012px) 100vw, 1012px\" \/>\t\t\t\t\t\t\t\t\t<\/div>\t<div class=\"qodef-m-content\">\n\t\t\t<h3 class=\"qodef-m-title\" style=\"margin-top: 20px\">\n\t\t\t\t\tDie Rilke-Promenade von Arco\t\t\t<\/h3>\n\t\t\t<p class=\"qodef-m-text\" style=\"margin-top: 13px\">Ein literarischer Spaziergang am Fu\u00dfe des Schlosses von Arco, auf den Spuren des gro\u00dfen \u00f6sterreichischen Dichters Rainer Maria Rilke, der sich von diesen Orten inspirieren lie\u00df\n\n<\/p>\n\t<\/div>\n<\/div>\t\t\t\t<\/div>\n\t\t\t\t<\/div>\n\t\t\t\t\t<\/div>\n\t\t<\/div>\n\t\t\t\t<div class=\"elementor-column elementor-col-33 elementor-top-column elementor-element elementor-element-e95d3d0\" data-id=\"e95d3d0\" data-element_type=\"column\">\n\t\t\t<div class=\"elementor-widget-wrap elementor-element-populated\">\n\t\t\t\t\t\t<div class=\"elementor-element elementor-element-acca673 elementor-widget elementor-widget-alloggio_core_image_with_text\" data-id=\"acca673\" data-element_type=\"widget\" data-widget_type=\"alloggio_core_image_with_text.default\">\n\t\t\t\t<div class=\"elementor-widget-container\">\n\t\t\t\t\t<div class=\"qodef-shortcode qodef-m  qodef-image-with-text qodef-layout--text-below  \">\n\t<div class=\"qodef-m-image\">\n\t\t\t\t\t\t\t\t\t<img decoding=\"async\" width=\"1200\" height=\"803\" src=\"https:\/\/www.arcolive.it\/wp-content\/uploads\/2021\/03\/Castello_di_Arco.jpg\" class=\"qodef-e-main-image\" alt=\"\" srcset=\"https:\/\/www.arcolive.it\/wp-content\/uploads\/2021\/03\/Castello_di_Arco.jpg 1200w, https:\/\/www.arcolive.it\/wp-content\/uploads\/2021\/03\/Castello_di_Arco-300x201.jpg 300w, https:\/\/www.arcolive.it\/wp-content\/uploads\/2021\/03\/Castello_di_Arco-1024x685.jpg 1024w, https:\/\/www.arcolive.it\/wp-content\/uploads\/2021\/03\/Castello_di_Arco-768x514.jpg 768w, https:\/\/www.arcolive.it\/wp-content\/uploads\/2021\/03\/Castello_di_Arco-600x402.jpg 600w\" sizes=\"(max-width: 1200px) 100vw, 1200px\" \/>\t\t\t\t\t\t\t\t\t<\/div>\t<div class=\"qodef-m-content\">\n\t\t\t<h3 class=\"qodef-m-title\" style=\"margin-top: 20px\">\n\t\t\t\t\tSchloss Arco\t\t\t<\/h3>\n\t\t\t<p class=\"qodef-m-text\" style=\"margin-top: 13px\">Ein kurzer Ausflug auf einem Pfad, der durch Olivenhaine und Zypressen ansteigt, um zum Gipfel zu gelangen, wo die Burg mit ihren T\u00fcrmen die Ebene von Alto Garda dominiert. Von dort oben k\u00f6nnen Sie eine der sch\u00f6nsten Aussichten des Trentino bewundern.\n\n<\/p>\n\t<\/div>\n<\/div>\t\t\t\t<\/div>\n\t\t\t\t<\/div>\n\t\t\t\t\t<\/div>\n\t\t<\/div>\n\t\t\t\t<div class=\"elementor-column elementor-col-33 elementor-top-column elementor-element elementor-element-384cf68\" data-id=\"384cf68\" data-element_type=\"column\">\n\t\t\t<div class=\"elementor-widget-wrap elementor-element-populated\">\n\t\t\t\t\t\t<div class=\"elementor-element elementor-element-552ee97 elementor-widget elementor-widget-alloggio_core_image_with_text\" data-id=\"552ee97\" data-element_type=\"widget\" data-widget_type=\"alloggio_core_image_with_text.default\">\n\t\t\t\t<div class=\"elementor-widget-container\">\n\t\t\t\t\t<div class=\"qodef-shortcode qodef-m  qodef-image-with-text qodef-layout--text-below  \">\n\t<div class=\"qodef-m-image\">\n\t\t\t\t\t\t\t\t\t<img decoding=\"async\" width=\"2560\" height=\"1702\" src=\"https:\/\/www.arcolive.it\/wp-content\/uploads\/2021\/03\/arboreto-di-arco-scaled.jpg\" class=\"qodef-e-main-image\" alt=\"\" srcset=\"https:\/\/www.arcolive.it\/wp-content\/uploads\/2021\/03\/arboreto-di-arco-scaled.jpg 2560w, https:\/\/www.arcolive.it\/wp-content\/uploads\/2021\/03\/arboreto-di-arco-300x199.jpg 300w, https:\/\/www.arcolive.it\/wp-content\/uploads\/2021\/03\/arboreto-di-arco-1024x681.jpg 1024w, https:\/\/www.arcolive.it\/wp-content\/uploads\/2021\/03\/arboreto-di-arco-768x511.jpg 768w, https:\/\/www.arcolive.it\/wp-content\/uploads\/2021\/03\/arboreto-di-arco-1536x1021.jpg 1536w, https:\/\/www.arcolive.it\/wp-content\/uploads\/2021\/03\/arboreto-di-arco-2048x1362.jpg 2048w, https:\/\/www.arcolive.it\/wp-content\/uploads\/2021\/03\/arboreto-di-arco-600x399.jpg 600w\" sizes=\"(max-width: 2560px) 100vw, 2560px\" \/>\t\t\t\t\t\t\t\t\t<\/div>\t<div class=\"qodef-m-content\">\n\t\t\t<h3 class=\"qodef-m-title\" style=\"margin-top: 20px\">\n\t\t\t\t\tArboretum\t\t\t<\/h3>\n\t\t\t<p class=\"qodef-m-text\" style=\"margin-top: 13px\">Das Arboretum mit seinen &quot;Miniatur-Pflanzenlandschaften&quot;, die an die Herkunftsumgebungen der Pflanzen erinnern: Oase und Weg der Palmen, Nadelbaumhain, Bambusdschungel, mediterrane Macchia, subtropische Nutzpflanzen, asiatische Pflanzen, Zitronenhaus, Teichhang der Besen, dank des milden Klimas, das Arco bietet\n\n<\/p>\n\t<\/div>\n<\/div>\t\t\t\t<\/div>\n\t\t\t\t<\/div>\n\t\t\t\t\t<\/div>\n\t\t<\/div>\n\t\t\t\t\t<\/div>\n\t\t<\/section>\n\t\t\t\t<section class=\"elementor-section elementor-top-section elementor-element elementor-element-a0d2bba elementor-section-full_width qodef-elementor-content-grid elementor-section-height-default elementor-section-height-default\" data-id=\"a0d2bba\" data-element_type=\"section\">\n\t\t\t\t\t\t<div class=\"elementor-container elementor-column-gap-no\">\n\t\t\t\t\t<div class=\"elementor-column elementor-col-25 elementor-top-column elementor-element elementor-element-36673cf\" data-id=\"36673cf\" data-element_type=\"column\">\n\t\t\t<div class=\"elementor-widget-wrap elementor-element-populated\">\n\t\t\t\t\t\t<div class=\"elementor-element elementor-element-1770090 elementor-widget elementor-widget-alloggio_core_image_with_text\" data-id=\"1770090\" data-element_type=\"widget\" data-widget_type=\"alloggio_core_image_with_text.default\">\n\t\t\t\t<div class=\"elementor-widget-container\">\n\t\t\t\t\t<div class=\"qodef-shortcode qodef-m  qodef-image-with-text qodef-layout--text-below  \">\n\t<div class=\"qodef-m-image\">\n\t\t\t\t\t\t\t\t\t\t\t\t\t\t\t\t\t\t<\/div>\t<div class=\"qodef-m-content\">\n\t\t\t<h3 class=\"qodef-m-title\" style=\"margin-top: 20px\">\n\t\t\t\t\tTrekking\t\t\t<\/h3>\n\t\t\t<p class=\"qodef-m-text\" style=\"margin-top: 13px\">T\u00e4ler, die von der Morgensonne gek\u00fcsst werden, Berge mit Blick auf den See, die atemberaubende Ausblicke bieten, Natur, die von mediterraner Macchia bis Edelwei\u00df reicht.\n\n<\/p>\n\t<\/div>\n<\/div>\t\t\t\t<\/div>\n\t\t\t\t<\/div>\n\t\t\t\t\t<\/div>\n\t\t<\/div>\n\t\t\t\t<div class=\"elementor-column elementor-col-25 elementor-top-column elementor-element elementor-element-938ef76\" data-id=\"938ef76\" data-element_type=\"column\">\n\t\t\t<div class=\"elementor-widget-wrap elementor-element-populated\">\n\t\t\t\t\t\t<div class=\"elementor-element elementor-element-7f00da5 elementor-widget elementor-widget-alloggio_core_image_with_text\" data-id=\"7f00da5\" data-element_type=\"widget\" data-widget_type=\"alloggio_core_image_with_text.default\">\n\t\t\t\t<div class=\"elementor-widget-container\">\n\t\t\t\t\t<div class=\"qodef-shortcode qodef-m  qodef-image-with-text qodef-layout--text-below  \">\n\t<div class=\"qodef-m-image\">\n\t\t\t\t\t\t\t\t\t<img loading=\"lazy\" decoding=\"async\" width=\"686\" height=\"467\" src=\"https:\/\/www.arcolive.it\/wp-content\/uploads\/2021\/03\/Climbing.jpg\" class=\"qodef-e-main-image\" alt=\"\" srcset=\"https:\/\/www.arcolive.it\/wp-content\/uploads\/2021\/03\/Climbing.jpg 686w, https:\/\/www.arcolive.it\/wp-content\/uploads\/2021\/03\/Climbing-300x204.jpg 300w, https:\/\/www.arcolive.it\/wp-content\/uploads\/2021\/03\/Climbing-600x408.jpg 600w\" sizes=\"(max-width: 686px) 100vw, 686px\" \/>\t\t\t\t\t\t\t\t\t<\/div>\t<div class=\"qodef-m-content\">\n\t\t\t<h3 class=\"qodef-m-title\" style=\"margin-top: 20px\">\n\t\t\t\t\tklettern\t\t\t<\/h3>\n\t\t\t<p class=\"qodef-m-text\" style=\"margin-top: 13px\">Garda Trentino ist unbestritten die Heimat des Kletterns: Hier wird das Klettern zu einem echten Erlebnis f\u00fcr Sie\n\n<\/p>\n\t<\/div>\n<\/div>\t\t\t\t<\/div>\n\t\t\t\t<\/div>\n\t\t\t\t\t<\/div>\n\t\t<\/div>\n\t\t\t\t<div class=\"elementor-column elementor-col-25 elementor-top-column elementor-element elementor-element-847cb54\" data-id=\"847cb54\" data-element_type=\"column\">\n\t\t\t<div class=\"elementor-widget-wrap elementor-element-populated\">\n\t\t\t\t\t\t<div class=\"elementor-element elementor-element-6fe3cdf elementor-widget elementor-widget-alloggio_core_image_with_text\" data-id=\"6fe3cdf\" data-element_type=\"widget\" data-widget_type=\"alloggio_core_image_with_text.default\">\n\t\t\t\t<div class=\"elementor-widget-container\">\n\t\t\t\t\t<div class=\"qodef-shortcode qodef-m  qodef-image-with-text qodef-layout--text-below  \">\n\t<div class=\"qodef-m-image\">\n\t\t\t\t\t\t\t\t\t<img loading=\"lazy\" decoding=\"async\" width=\"1024\" height=\"682\" src=\"https:\/\/www.arcolive.it\/wp-content\/uploads\/2021\/03\/117_BackstagePromo_Outdoor2014A\u00a9R_Vuilleumier-Copia-1024x682-1.jpg\" class=\"qodef-e-main-image\" alt=\"\" srcset=\"https:\/\/www.arcolive.it\/wp-content\/uploads\/2021\/03\/117_BackstagePromo_Outdoor2014A\u00a9R_Vuilleumier-Copia-1024x682-1.jpg 1024w, https:\/\/www.arcolive.it\/wp-content\/uploads\/2021\/03\/117_BackstagePromo_Outdoor2014A\u00a9R_Vuilleumier-Copia-1024x682-1-300x200.jpg 300w, https:\/\/www.arcolive.it\/wp-content\/uploads\/2021\/03\/117_BackstagePromo_Outdoor2014A\u00a9R_Vuilleumier-Copia-1024x682-1-768x512.jpg 768w, https:\/\/www.arcolive.it\/wp-content\/uploads\/2021\/03\/117_BackstagePromo_Outdoor2014A\u00a9R_Vuilleumier-Copia-1024x682-1-600x400.jpg 600w\" sizes=\"(max-width: 1024px) 100vw, 1024px\" \/>\t\t\t\t\t\t\t\t\t<\/div>\t<div class=\"qodef-m-content\">\n\t\t\t<h3 class=\"qodef-m-title\" style=\"margin-top: 20px\">\n\t\t\t\t\tFahrrad\t\t\t<\/h3>\n\t\t\t<p class=\"qodef-m-text\" style=\"margin-top: 13px\">Eine Radtour am Gardasee Trentino ist ein Erlebnis, das man mindestens einmal im Leben erlebt.\n\n<\/p>\n\t<\/div>\n<\/div>\t\t\t\t<\/div>\n\t\t\t\t<\/div>\n\t\t\t\t\t<\/div>\n\t\t<\/div>\n\t\t\t\t<div class=\"elementor-column elementor-col-25 elementor-top-column elementor-element elementor-element-78f5052\" data-id=\"78f5052\" data-element_type=\"column\">\n\t\t\t<div class=\"elementor-widget-wrap elementor-element-populated\">\n\t\t\t\t\t\t<div class=\"elementor-element elementor-element-81a2412 elementor-widget elementor-widget-alloggio_core_image_with_text\" data-id=\"81a2412\" data-element_type=\"widget\" data-widget_type=\"alloggio_core_image_with_text.default\">\n\t\t\t\t<div class=\"elementor-widget-container\">\n\t\t\t\t\t<div class=\"qodef-shortcode qodef-m  qodef-image-with-text qodef-layout--text-below  \">\n\t<div class=\"qodef-m-image\">\n\t\t\t\t\t\t\t\t\t<img loading=\"lazy\" decoding=\"async\" width=\"1600\" height=\"1064\" src=\"https:\/\/www.arcolive.it\/wp-content\/uploads\/2021\/03\/windsurf-lago-di-garda-360gardalife.jpg\" class=\"qodef-e-main-image\" alt=\"\" srcset=\"https:\/\/www.arcolive.it\/wp-content\/uploads\/2021\/03\/windsurf-lago-di-garda-360gardalife.jpg 1600w, https:\/\/www.arcolive.it\/wp-content\/uploads\/2021\/03\/windsurf-lago-di-garda-360gardalife-300x200.jpg 300w, https:\/\/www.arcolive.it\/wp-content\/uploads\/2021\/03\/windsurf-lago-di-garda-360gardalife-1024x681.jpg 1024w, https:\/\/www.arcolive.it\/wp-content\/uploads\/2021\/03\/windsurf-lago-di-garda-360gardalife-768x511.jpg 768w, https:\/\/www.arcolive.it\/wp-content\/uploads\/2021\/03\/windsurf-lago-di-garda-360gardalife-1536x1021.jpg 1536w, https:\/\/www.arcolive.it\/wp-content\/uploads\/2021\/03\/windsurf-lago-di-garda-360gardalife-600x399.jpg 600w\" sizes=\"(max-width: 1600px) 100vw, 1600px\" \/>\t\t\t\t\t\t\t\t\t<\/div>\t<div class=\"qodef-m-content\">\n\t\t\t<h3 class=\"qodef-m-title\" style=\"margin-top: 20px\">\n\t\t\t\t\tWindsurfen\t\t\t<\/h3>\n\t\t\t<p class=\"qodef-m-text\" style=\"margin-top: 13px\">In der Gegend zwischen Riva del Garda und Torbole weht die Ora, der Gardawind, der das Garda Trentino in ein Paradies f\u00fcr Liebhaber des Windsurfens, Segelns, Kitesurfens und vielem mehr verwandelt.\n\n<\/p>\n\t<\/div>\n<\/div>\t\t\t\t<\/div>\n\t\t\t\t<\/div>\n\t\t\t\t\t<\/div>\n\t\t<\/div>\n\t\t\t\t\t<\/div>\n\t\t<\/section>\n\t\t\t\t<\/div>\n\t\t","protected":false},"excerpt":{"rendered":"<p>Arco ist das Herz des Garda Trentino Die Rilke-Promenade von Arco Ein literarischer Spaziergang am Fu\u00dfe des Schlosses von Arco, auf den Spuren des gro\u00dfen \u00f6sterreichischen Dichters Rainer Maria Rilke, der sich von diesen Orten inspirieren lie\u00df Schloss Arco Ein kurzer Ausflug auf einem Pfad, der durch Olivenhaine und Zypressen ansteigt, um zum Gipfel zu [&hellip;]<\/p>\n","protected":false},"author":1,"featured_media":0,"parent":0,"menu_order":0,"comment_status":"closed","ping_status":"closed","template":"","meta":{"footnotes":""},"class_list":["post-5432","page","type-page","status-publish","hentry"],"yoast_head":"<!-- This site is optimized with the Yoast SEO plugin v27.6 - https:\/\/yoast.com\/product\/yoast-seo-wordpress\/ -->\n<title>Was zu tun ist - Arcolive - Agritur - Garda Trentino - Lago di Garda<\/title>\n<meta name=\"description\" content=\"L&#039;agritur Arcolive ad Arco, nel cuore del Garda Trentino, \u00e8 la destinazione ideale per vacanze rilassanti ed attive al contempo.\" \/>\n<meta name=\"robots\" content=\"index, follow, max-snippet:-1, max-image-preview:large, max-video-preview:-1\" \/>\n<link rel=\"canonical\" href=\"https:\/\/www.arcolive.it\/de\/garda-experience\/\" \/>\n<meta property=\"og:locale\" content=\"de_DE\" \/>\n<meta property=\"og:type\" content=\"article\" \/>\n<meta property=\"og:title\" content=\"Was zu tun ist - Arcolive - Agritur - Garda Trentino - Lago di Garda\" \/>\n<meta property=\"og:description\" content=\"L&#039;agritur Arcolive ad Arco, nel cuore del Garda Trentino, \u00e8 la destinazione ideale per vacanze rilassanti ed attive al contempo.\" \/>\n<meta property=\"og:url\" content=\"https:\/\/www.arcolive.it\/de\/garda-experience\/\" \/>\n<meta property=\"og:site_name\" content=\"Arcolive\" \/>\n<meta property=\"article:modified_time\" content=\"2021-06-10T12:06:30+00:00\" \/>\n<meta property=\"og:image\" content=\"https:\/\/www.arcolive.it\/wp-content\/uploads\/2021\/03\/die-burg-von-arco-und-die-olivaia-olivenhain-.jpg\" \/>\n<meta name=\"twitter:card\" content=\"summary_large_image\" \/>\n<meta name=\"twitter:label1\" content=\"Gesch\u00e4tzte Lesezeit\" \/>\n\t<meta name=\"twitter:data1\" content=\"3\u00a0Minuten\" \/>\n<script type=\"application\/ld+json\" class=\"yoast-schema-graph\">{\"@context\":\"https:\\\/\\\/schema.org\",\"@graph\":[{\"@type\":\"WebPage\",\"@id\":\"https:\\\/\\\/www.arcolive.it\\\/de\\\/garda-experience\\\/\",\"url\":\"https:\\\/\\\/www.arcolive.it\\\/de\\\/garda-experience\\\/\",\"name\":\"Was zu tun ist - Arcolive - Agritur - Garda Trentino - Lago di Garda\",\"isPartOf\":{\"@id\":\"https:\\\/\\\/www.arcolive.it\\\/#website\"},\"primaryImageOfPage\":{\"@id\":\"https:\\\/\\\/www.arcolive.it\\\/de\\\/garda-experience\\\/#primaryimage\"},\"image\":{\"@id\":\"https:\\\/\\\/www.arcolive.it\\\/de\\\/garda-experience\\\/#primaryimage\"},\"thumbnailUrl\":\"https:\\\/\\\/www.arcolive.it\\\/wp-content\\\/uploads\\\/2021\\\/03\\\/die-burg-von-arco-und-die-olivaia-olivenhain-.jpg\",\"datePublished\":\"2020-04-01T10:05:27+00:00\",\"dateModified\":\"2021-06-10T12:06:30+00:00\",\"description\":\"L'agritur Arcolive ad Arco, nel cuore del Garda Trentino, \u00e8 la destinazione ideale per vacanze rilassanti ed attive al contempo.\",\"breadcrumb\":{\"@id\":\"https:\\\/\\\/www.arcolive.it\\\/de\\\/garda-experience\\\/#breadcrumb\"},\"inLanguage\":\"de\",\"potentialAction\":[{\"@type\":\"ReadAction\",\"target\":[\"https:\\\/\\\/www.arcolive.it\\\/de\\\/garda-experience\\\/\"]}]},{\"@type\":\"ImageObject\",\"inLanguage\":\"de\",\"@id\":\"https:\\\/\\\/www.arcolive.it\\\/de\\\/garda-experience\\\/#primaryimage\",\"url\":\"https:\\\/\\\/www.arcolive.it\\\/wp-content\\\/uploads\\\/2021\\\/03\\\/die-burg-von-arco-und-die-olivaia-olivenhain-.jpg\",\"contentUrl\":\"https:\\\/\\\/www.arcolive.it\\\/wp-content\\\/uploads\\\/2021\\\/03\\\/die-burg-von-arco-und-die-olivaia-olivenhain-.jpg\"},{\"@type\":\"BreadcrumbList\",\"@id\":\"https:\\\/\\\/www.arcolive.it\\\/de\\\/garda-experience\\\/#breadcrumb\",\"itemListElement\":[{\"@type\":\"ListItem\",\"position\":1,\"name\":\"Home\",\"item\":\"https:\\\/\\\/www.arcolive.it\\\/de\\\/\"},{\"@type\":\"ListItem\",\"position\":2,\"name\":\"Was zu tun ist\"}]},{\"@type\":\"WebSite\",\"@id\":\"https:\\\/\\\/www.arcolive.it\\\/#website\",\"url\":\"https:\\\/\\\/www.arcolive.it\\\/\",\"name\":\"Arcolive\",\"description\":\"Agrisuite\",\"potentialAction\":[{\"@type\":\"SearchAction\",\"target\":{\"@type\":\"EntryPoint\",\"urlTemplate\":\"https:\\\/\\\/www.arcolive.it\\\/?s={search_term_string}\"},\"query-input\":{\"@type\":\"PropertyValueSpecification\",\"valueRequired\":true,\"valueName\":\"search_term_string\"}}],\"inLanguage\":\"de\"}]}<\/script>\n<!-- \/ Yoast SEO plugin. -->","yoast_head_json":{"title":"Was zu tun ist - Arcolive - Agritur - Garda Trentino - Lago di Garda","description":"L'agritur Arcolive ad Arco, nel cuore del Garda Trentino, \u00e8 la destinazione ideale per vacanze rilassanti ed attive al contempo.","robots":{"index":"index","follow":"follow","max-snippet":"max-snippet:-1","max-image-preview":"max-image-preview:large","max-video-preview":"max-video-preview:-1"},"canonical":"https:\/\/www.arcolive.it\/de\/garda-experience\/","og_locale":"de_DE","og_type":"article","og_title":"Was zu tun ist - Arcolive - Agritur - Garda Trentino - Lago di Garda","og_description":"L'agritur Arcolive ad Arco, nel cuore del Garda Trentino, \u00e8 la destinazione ideale per vacanze rilassanti ed attive al contempo.","og_url":"https:\/\/www.arcolive.it\/de\/garda-experience\/","og_site_name":"Arcolive","article_modified_time":"2021-06-10T12:06:30+00:00","og_image":[{"url":"https:\/\/www.arcolive.it\/wp-content\/uploads\/2021\/03\/die-burg-von-arco-und-die-olivaia-olivenhain-.jpg","type":"","width":"","height":""}],"twitter_card":"summary_large_image","twitter_misc":{"Gesch\u00e4tzte Lesezeit":"3\u00a0Minuten"},"schema":{"@context":"https:\/\/schema.org","@graph":[{"@type":"WebPage","@id":"https:\/\/www.arcolive.it\/de\/garda-experience\/","url":"https:\/\/www.arcolive.it\/de\/garda-experience\/","name":"Was zu tun ist - Arcolive - Agritur - Garda Trentino - Lago di Garda","isPartOf":{"@id":"https:\/\/www.arcolive.it\/#website"},"primaryImageOfPage":{"@id":"https:\/\/www.arcolive.it\/de\/garda-experience\/#primaryimage"},"image":{"@id":"https:\/\/www.arcolive.it\/de\/garda-experience\/#primaryimage"},"thumbnailUrl":"https:\/\/www.arcolive.it\/wp-content\/uploads\/2021\/03\/die-burg-von-arco-und-die-olivaia-olivenhain-.jpg","datePublished":"2020-04-01T10:05:27+00:00","dateModified":"2021-06-10T12:06:30+00:00","description":"L'agritur Arcolive ad Arco, nel cuore del Garda Trentino, \u00e8 la destinazione ideale per vacanze rilassanti ed attive al contempo.","breadcrumb":{"@id":"https:\/\/www.arcolive.it\/de\/garda-experience\/#breadcrumb"},"inLanguage":"de","potentialAction":[{"@type":"ReadAction","target":["https:\/\/www.arcolive.it\/de\/garda-experience\/"]}]},{"@type":"ImageObject","inLanguage":"de","@id":"https:\/\/www.arcolive.it\/de\/garda-experience\/#primaryimage","url":"https:\/\/www.arcolive.it\/wp-content\/uploads\/2021\/03\/die-burg-von-arco-und-die-olivaia-olivenhain-.jpg","contentUrl":"https:\/\/www.arcolive.it\/wp-content\/uploads\/2021\/03\/die-burg-von-arco-und-die-olivaia-olivenhain-.jpg"},{"@type":"BreadcrumbList","@id":"https:\/\/www.arcolive.it\/de\/garda-experience\/#breadcrumb","itemListElement":[{"@type":"ListItem","position":1,"name":"Home","item":"https:\/\/www.arcolive.it\/de\/"},{"@type":"ListItem","position":2,"name":"Was zu tun ist"}]},{"@type":"WebSite","@id":"https:\/\/www.arcolive.it\/#website","url":"https:\/\/www.arcolive.it\/","name":"Arcolive","description":"Agrisuite","potentialAction":[{"@type":"SearchAction","target":{"@type":"EntryPoint","urlTemplate":"https:\/\/www.arcolive.it\/?s={search_term_string}"},"query-input":{"@type":"PropertyValueSpecification","valueRequired":true,"valueName":"search_term_string"}}],"inLanguage":"de"}]}},"_links":{"self":[{"href":"https:\/\/www.arcolive.it\/de\/wp-json\/wp\/v2\/pages\/5432","targetHints":{"allow":["GET"]}}],"collection":[{"href":"https:\/\/www.arcolive.it\/de\/wp-json\/wp\/v2\/pages"}],"about":[{"href":"https:\/\/www.arcolive.it\/de\/wp-json\/wp\/v2\/types\/page"}],"author":[{"embeddable":true,"href":"https:\/\/www.arcolive.it\/de\/wp-json\/wp\/v2\/users\/1"}],"replies":[{"embeddable":true,"href":"https:\/\/www.arcolive.it\/de\/wp-json\/wp\/v2\/comments?post=5432"}],"version-history":[{"count":5,"href":"https:\/\/www.arcolive.it\/de\/wp-json\/wp\/v2\/pages\/5432\/revisions"}],"predecessor-version":[{"id":5514,"href":"https:\/\/www.arcolive.it\/de\/wp-json\/wp\/v2\/pages\/5432\/revisions\/5514"}],"wp:attachment":[{"href":"https:\/\/www.arcolive.it\/de\/wp-json\/wp\/v2\/media?parent=5432"}],"curies":[{"name":"wp","href":"https:\/\/api.w.org\/{rel}","templated":true}]}}