{"id":5449,"date":"2021-04-12T09:51:40","date_gmt":"2021-04-12T09:51:40","guid":{"rendered":"https:\/\/www.arcolive.it\/olio\/"},"modified":"2022-01-25T10:58:46","modified_gmt":"2022-01-25T09:58:46","slug":"olio","status":"publish","type":"page","link":"https:\/\/www.arcolive.it\/de\/olio\/","title":{"rendered":"Olio EVO"},"content":{"rendered":"\t\t<div data-elementor-type=\"wp-page\" data-elementor-id=\"5449\" class=\"elementor elementor-5449 elementor-4852\">\n\t\t\t\t\t\t<section class=\"elementor-section elementor-top-section elementor-element elementor-element-7670642d elementor-section-full_width elementor-section-height-default elementor-section-height-default qodef-elementor-content-no\" data-id=\"7670642d\" data-element_type=\"section\">\n\t\t\t\t\t\t<div class=\"elementor-container elementor-column-gap-no\">\n\t\t\t\t\t<div class=\"elementor-column elementor-col-66 elementor-top-column elementor-element elementor-element-76b248aa\" data-id=\"76b248aa\" data-element_type=\"column\">\n\t\t\t<div class=\"elementor-widget-wrap elementor-element-populated\">\n\t\t\t\t\t\t<div class=\"elementor-element elementor-element-53b46db6 elementor-widget elementor-widget-alloggio_core_banner\" data-id=\"53b46db6\" data-element_type=\"widget\" data-widget_type=\"alloggio_core_banner.default\">\n\t\t\t\t<div class=\"elementor-widget-container\">\n\t\t\t\t\t<div class=\"qodef-shortcode qodef-m  qodef-banner qodef-layout--link-overlay  qodef--has-button\">\n\t<div class=\"qodef-m-image\">\n\t<img fetchpriority=\"high\" decoding=\"async\" width=\"1920\" height=\"2560\" src=\"https:\/\/www.arcolive.it\/wp-content\/uploads\/2021\/02\/IMG_9658.jpg\" class=\"attachment-full size-full\" alt=\"\" srcset=\"https:\/\/www.arcolive.it\/wp-content\/uploads\/2021\/02\/IMG_9658.jpg 1920w, https:\/\/www.arcolive.it\/wp-content\/uploads\/2021\/02\/IMG_9658-225x300.jpg 225w, https:\/\/www.arcolive.it\/wp-content\/uploads\/2021\/02\/IMG_9658-768x1024.jpg 768w, https:\/\/www.arcolive.it\/wp-content\/uploads\/2021\/02\/IMG_9658-1152x1536.jpg 1152w, https:\/\/www.arcolive.it\/wp-content\/uploads\/2021\/02\/IMG_9658-1536x2048.jpg 1536w, https:\/\/www.arcolive.it\/wp-content\/uploads\/2021\/02\/IMG_9658-600x800.jpg 600w\" sizes=\"(max-width: 1920px) 100vw, 1920px\" \/>\t<a itemprop=\"url\" href=\"https:\/\/www.arcolive.it\/wp-content\/uploads\/2021\/04\/il_nosto_olio.pdf\" class=\"qodef-m-banner-link\" target=\"_blank\"><\/a>\n<\/div>\t<div class=\"qodef-m-content\">\n\t\t<div class=\"qodef-m-content-inner\" style=\"padding: 50px 82px 42px 36px\">\n\t\t\t<div class=\"qodef-m-content-inner-background\" style=\"background-color: #F6F3EA\"><\/div>\n\t\t\t<div class=\"qodef-m-content-inner-holder\">\n\t\t\t\t\t<h4 class=\"qodef-m-title\" >ORGANOLEPTISCHE ANALYSE<\/h4>\n\t\t\t\t\t\t\t\t\t<div class=\"qodef-m-button\">\n\t\t<a class=\"qodef-shortcode qodef-m  qodef-button qodef-layout--textual  qodef-html--link\" href=\"https:\/\/www.arcolive.it\/wp-content\/uploads\/2021\/04\/il_nosto_olio.pdf\" target=\"_blank\"  >\t<span class=\"qodef-m-text\">PDF HERUNTERLADEN<\/span>\t<span class=\"qodef-m-plus\"><\/span><\/a>\t<\/div>\n\t\t\t\t<a itemprop=\"url\" href=\"https:\/\/www.arcolive.it\/wp-content\/uploads\/2021\/04\/il_nosto_olio.pdf\" class=\"qodef-m-banner-link\" target=\"_blank\"><\/a>\n\t\t\t<\/div>\n\t\t\t<a itemprop=\"url\" href=\"https:\/\/www.arcolive.it\/wp-content\/uploads\/2021\/04\/il_nosto_olio.pdf\" class=\"qodef-m-banner-link\" target=\"_blank\"><\/a>\n\t\t<\/div>\n\t<\/div>\n<\/div>\n\t\t\t\t<\/div>\n\t\t\t\t<\/div>\n\t\t\t\t\t<\/div>\n\t\t<\/div>\n\t\t\t\t<div class=\"elementor-column elementor-col-33 elementor-top-column elementor-element elementor-element-7334224e\" data-id=\"7334224e\" data-element_type=\"column\" data-settings=\"{&quot;background_background&quot;:&quot;classic&quot;}\">\n\t\t\t<div class=\"elementor-widget-wrap elementor-element-populated\">\n\t\t\t\t\t\t<div class=\"elementor-element elementor-element-281dd918 elementor-widget elementor-widget-alloggio_core_section_title\" data-id=\"281dd918\" data-element_type=\"widget\" data-widget_type=\"alloggio_core_section_title.default\">\n\t\t\t\t<div class=\"elementor-widget-container\">\n\t\t\t\t\t<div class=\"qodef-shortcode qodef-m  qodef-section-title qodef-alignment--left\">\n\t\t<h2 class=\"qodef-m-title\" >\n\t\t\t\t\tNatives Oliven\u00f6l extra\t\t\t<\/h2>\n\t<\/div>\t\t\t\t<\/div>\n\t\t\t\t<\/div>\n\t\t\t\t<div class=\"elementor-element elementor-element-e94683a elementor-widget elementor-widget-alloggio_core_section_title\" data-id=\"e94683a\" data-element_type=\"widget\" data-widget_type=\"alloggio_core_section_title.default\">\n\t\t\t\t<div class=\"elementor-widget-container\">\n\t\t\t\t\t<div class=\"qodef-shortcode qodef-m  qodef-section-title qodef-alignment--left\">\n\t\t\t<span class=\"qodef-m-text\" style=\"margin-top: 10px\">Unser \u00d6l ist hellgr\u00fcn.\n\n<\/span>\n<\/div>\t\t\t\t<\/div>\n\t\t\t\t<\/div>\n\t\t\t\t<div class=\"elementor-element elementor-element-eeaa83c elementor-widget elementor-widget-alloggio_core_section_title\" data-id=\"eeaa83c\" data-element_type=\"widget\" data-widget_type=\"alloggio_core_section_title.default\">\n\t\t\t\t<div class=\"elementor-widget-container\">\n\t\t\t\t\t<div class=\"qodef-shortcode qodef-m  qodef-section-title qodef-alignment--left\">\n\t\t\t<span class=\"qodef-m-text\" style=\"margin-top: 10px\">Duft Mittelfruchtig mit frischen Noten, die an frisch geschnittenes Gras erinnern.\n\n<\/span>\n<\/div>\t\t\t\t<\/div>\n\t\t\t\t<\/div>\n\t\t\t\t<div class=\"elementor-element elementor-element-0abf2e2 elementor-widget elementor-widget-alloggio_core_section_title\" data-id=\"0abf2e2\" data-element_type=\"widget\" data-widget_type=\"alloggio_core_section_title.default\">\n\t\t\t\t<div class=\"elementor-widget-container\">\n\t\t\t\t\t<div class=\"qodef-shortcode qodef-m  qodef-section-title qodef-alignment--left\">\n\t\t\t<span class=\"qodef-m-text\" style=\"margin-top: 10px\">Geschmack Ausgesprochen harmonisch und ausgewogen, angenehme Bitter- und angenehm w\u00fcrzige Noten.\n\n<\/span>\n<\/div>\t\t\t\t<\/div>\n\t\t\t\t<\/div>\n\t\t\t\t<div class=\"elementor-element elementor-element-5621923 elementor-widget elementor-widget-spacer\" data-id=\"5621923\" data-element_type=\"widget\" data-widget_type=\"spacer.default\">\n\t\t\t\t<div class=\"elementor-widget-container\">\n\t\t\t\t\t\t\t<div class=\"elementor-spacer\">\n\t\t\t<div class=\"elementor-spacer-inner\"><\/div>\n\t\t<\/div>\n\t\t\t\t\t\t<\/div>\n\t\t\t\t<\/div>\n\t\t\t\t<div class=\"elementor-element elementor-element-3845b1d elementor-button-warning elementor-align-center elementor-widget elementor-widget-button\" data-id=\"3845b1d\" data-element_type=\"widget\" data-widget_type=\"button.default\">\n\t\t\t\t<div class=\"elementor-widget-container\">\n\t\t\t\t\t\t\t\t\t<div class=\"elementor-button-wrapper\">\n\t\t\t\t\t<a class=\"elementor-button elementor-button-link elementor-size-md\" href=\"\/de\/contatti\/\">\n\t\t\t\t\t\t<span class=\"elementor-button-content-wrapper\">\n\t\t\t\t\t\t\t\t\t<span class=\"elementor-button-text\">KAUFEN<\/span>\n\t\t\t\t\t<\/span>\n\t\t\t\t\t<\/a>\n\t\t\t\t<\/div>\n\t\t\t\t\t\t\t\t<\/div>\n\t\t\t\t<\/div>\n\t\t\t\t\t<\/div>\n\t\t<\/div>\n\t\t\t\t\t<\/div>\n\t\t<\/section>\n\t\t\t\t<section class=\"elementor-section elementor-top-section elementor-element elementor-element-5ddbe0f2 elementor-section-full_width qodef-elementor-content-grid elementor-section-height-default elementor-section-height-default\" data-id=\"5ddbe0f2\" data-element_type=\"section\">\n\t\t\t\t\t\t<div class=\"elementor-container elementor-column-gap-no\">\n\t\t\t\t\t<div class=\"elementor-column elementor-col-100 elementor-top-column elementor-element elementor-element-2f8ba3c1\" data-id=\"2f8ba3c1\" data-element_type=\"column\">\n\t\t\t<div class=\"elementor-widget-wrap elementor-element-populated\">\n\t\t\t\t\t\t<div class=\"elementor-element elementor-element-5f1821b8 elementor-widget elementor-widget-alloggio_core_masonry_gallery_list\" data-id=\"5f1821b8\" data-element_type=\"widget\" data-widget_type=\"alloggio_core_masonry_gallery_list.default\">\n\t\t\t\t<div class=\"elementor-widget-container\">\n\t\t\t\t\t<div class=\"qodef-shortcode qodef-m  qodef-masonry-gallery-list qodef-grid qodef-layout--masonry qodef-items--fixed qodef-gutter--normal qodef-col-num--4  qodef-responsive--predefined\">\n\t<div class=\"qodef-grid-inner clear\">\n\t\t\t<div class=\"qodef-grid-masonry-sizer\"><\/div>\n\t<div class=\"qodef-grid-masonry-gutter\"><\/div>\n<div class=\"qodef-e qodef-grid-item qodef-item--square qodef-layout--simple\">\n\t<div class=\"qodef-e-inner\">\n\t\t\t<div class=\"qodef-e-media-image\">\n\t\t<a href=\"https:\/\/www.arcolive.it\/wp-content\/uploads\/2021\/02\/b3da9d17-6ca0-4084-a7ab-8d9981e69bfb.jpg\" data-elementor-lightbox-slideshow=\"gweb-chisiamo\"><img decoding=\"async\" width=\"650\" height=\"650\" src=\"https:\/\/www.arcolive.it\/wp-content\/uploads\/2021\/02\/b3da9d17-6ca0-4084-a7ab-8d9981e69bfb-650x650.jpg\" class=\"attachment-alloggio_image_size_square size-alloggio_image_size_square wp-post-image\" alt=\"\" srcset=\"https:\/\/www.arcolive.it\/wp-content\/uploads\/2021\/02\/b3da9d17-6ca0-4084-a7ab-8d9981e69bfb-650x650.jpg 650w, https:\/\/www.arcolive.it\/wp-content\/uploads\/2021\/02\/b3da9d17-6ca0-4084-a7ab-8d9981e69bfb-150x150.jpg 150w, https:\/\/www.arcolive.it\/wp-content\/uploads\/2021\/02\/b3da9d17-6ca0-4084-a7ab-8d9981e69bfb-1300x1300.jpg 1300w, https:\/\/www.arcolive.it\/wp-content\/uploads\/2021\/02\/b3da9d17-6ca0-4084-a7ab-8d9981e69bfb-300x300.jpg 300w, https:\/\/www.arcolive.it\/wp-content\/uploads\/2021\/02\/b3da9d17-6ca0-4084-a7ab-8d9981e69bfb-100x100.jpg 100w\" sizes=\"(max-width: 650px) 100vw, 650px\" \/><\/a>\n\t<\/div>\n\t\t\t<\/div>\n<\/div><div class=\"qodef-e qodef-grid-item qodef-item--square qodef-layout--simple\">\n\t<div class=\"qodef-e-inner\">\n\t\t\t<div class=\"qodef-e-media-image\">\n\t\t<a href=\"https:\/\/www.arcolive.it\/wp-content\/uploads\/2021\/02\/IMG_1661.jpg\" data-elementor-lightbox-slideshow=\"gweb-chisiamo\"><img decoding=\"async\" width=\"650\" height=\"650\" src=\"https:\/\/www.arcolive.it\/wp-content\/uploads\/2021\/02\/IMG_1661-650x650.jpg\" class=\"attachment-alloggio_image_size_square size-alloggio_image_size_square wp-post-image\" alt=\"\" srcset=\"https:\/\/www.arcolive.it\/wp-content\/uploads\/2021\/02\/IMG_1661-650x650.jpg 650w, https:\/\/www.arcolive.it\/wp-content\/uploads\/2021\/02\/IMG_1661-150x150.jpg 150w, https:\/\/www.arcolive.it\/wp-content\/uploads\/2021\/02\/IMG_1661-1300x1300.jpg 1300w, https:\/\/www.arcolive.it\/wp-content\/uploads\/2021\/02\/IMG_1661-300x300.jpg 300w, https:\/\/www.arcolive.it\/wp-content\/uploads\/2021\/02\/IMG_1661-100x100.jpg 100w\" sizes=\"(max-width: 650px) 100vw, 650px\" \/><\/a>\n\t<\/div>\n\t\t\t<\/div>\n<\/div><div class=\"qodef-e qodef-grid-item qodef-item--square qodef-layout--simple\">\n\t<div class=\"qodef-e-inner\">\n\t\t\t<div class=\"qodef-e-media-image\">\n\t\t<a href=\"https:\/\/www.arcolive.it\/wp-content\/uploads\/2021\/02\/IMG_1567.jpg\" data-elementor-lightbox-slideshow=\"gweb-chisiamo\"><img loading=\"lazy\" decoding=\"async\" width=\"650\" height=\"650\" src=\"https:\/\/www.arcolive.it\/wp-content\/uploads\/2021\/02\/IMG_1567-650x650.jpg\" class=\"attachment-alloggio_image_size_square size-alloggio_image_size_square wp-post-image\" alt=\"\" srcset=\"https:\/\/www.arcolive.it\/wp-content\/uploads\/2021\/02\/IMG_1567-650x650.jpg 650w, https:\/\/www.arcolive.it\/wp-content\/uploads\/2021\/02\/IMG_1567-150x150.jpg 150w, https:\/\/www.arcolive.it\/wp-content\/uploads\/2021\/02\/IMG_1567-1300x1300.jpg 1300w, https:\/\/www.arcolive.it\/wp-content\/uploads\/2021\/02\/IMG_1567-300x300.jpg 300w, https:\/\/www.arcolive.it\/wp-content\/uploads\/2021\/02\/IMG_1567-100x100.jpg 100w\" sizes=\"(max-width: 650px) 100vw, 650px\" \/><\/a>\n\t<\/div>\n\t\t\t<\/div>\n<\/div><div class=\"qodef-e qodef-grid-item qodef-item--full qodef-layout--standard\">\n\t<div class=\"qodef-e-inner\">\n\t\t\t<div class=\"qodef-e-media-image\">\n\t\t<a href=\"https:\/\/www.arcolive.it\/wp-content\/uploads\/2021\/04\/fa81324a-e6b8-400d-8a7a-9f26d1686a5f.jpg\" data-elementor-lightbox-slideshow=\"gweb-chisiamo\"><img loading=\"lazy\" decoding=\"async\" width=\"924\" height=\"465\" src=\"https:\/\/www.arcolive.it\/wp-content\/uploads\/2021\/04\/fa81324a-e6b8-400d-8a7a-9f26d1686a5f.jpg\" class=\"attachment-full size-full wp-post-image\" alt=\"\" srcset=\"https:\/\/www.arcolive.it\/wp-content\/uploads\/2021\/04\/fa81324a-e6b8-400d-8a7a-9f26d1686a5f.jpg 924w, https:\/\/www.arcolive.it\/wp-content\/uploads\/2021\/04\/fa81324a-e6b8-400d-8a7a-9f26d1686a5f-300x151.jpg 300w, https:\/\/www.arcolive.it\/wp-content\/uploads\/2021\/04\/fa81324a-e6b8-400d-8a7a-9f26d1686a5f-768x386.jpg 768w, https:\/\/www.arcolive.it\/wp-content\/uploads\/2021\/04\/fa81324a-e6b8-400d-8a7a-9f26d1686a5f-600x302.jpg 600w\" sizes=\"(max-width: 924px) 100vw, 924px\" \/><\/a>\n\t<\/div>\n\t\t<div class=\"qodef-e-content\">\n\t\t\t<h4 itemprop=\"name\" class=\"qodef-e-title entry-title\">tabella olio<\/h4>\t\t<\/div>\n\t\t\t<\/div>\n<\/div><div class=\"qodef-e qodef-grid-item qodef-item--square qodef-layout--simple\">\n\t<div class=\"qodef-e-inner\">\n\t\t\t<div class=\"qodef-e-media-image\">\n\t\t<a href=\"https:\/\/www.arcolive.it\/wp-content\/uploads\/2021\/02\/IMG_9653.jpg\" data-elementor-lightbox-slideshow=\"gweb-chisiamo\"><img loading=\"lazy\" decoding=\"async\" width=\"650\" height=\"650\" src=\"https:\/\/www.arcolive.it\/wp-content\/uploads\/2021\/02\/IMG_9653-650x650.jpg\" class=\"attachment-alloggio_image_size_square size-alloggio_image_size_square wp-post-image\" alt=\"\" srcset=\"https:\/\/www.arcolive.it\/wp-content\/uploads\/2021\/02\/IMG_9653-650x650.jpg 650w, https:\/\/www.arcolive.it\/wp-content\/uploads\/2021\/02\/IMG_9653-150x150.jpg 150w, https:\/\/www.arcolive.it\/wp-content\/uploads\/2021\/02\/IMG_9653-1300x1300.jpg 1300w, https:\/\/www.arcolive.it\/wp-content\/uploads\/2021\/02\/IMG_9653-300x300.jpg 300w, https:\/\/www.arcolive.it\/wp-content\/uploads\/2021\/02\/IMG_9653-100x100.jpg 100w\" sizes=\"(max-width: 650px) 100vw, 650px\" \/><\/a>\n\t<\/div>\n\t\t\t<\/div>\n<\/div>\t<\/div>\n<\/div>\t\t\t\t<\/div>\n\t\t\t\t<\/div>\n\t\t\t\t\t<\/div>\n\t\t<\/div>\n\t\t\t\t\t<\/div>\n\t\t<\/section>\n\t\t\t\t<\/div>\n\t\t","protected":false},"excerpt":{"rendered":"<p>ORGANOLEPTISCHE ANALYSE PDF HERUNTERLADEN Natives Oliven\u00f6l extra Unser \u00d6l ist hellgr\u00fcn. Duft Mittelfruchtig mit frischen Noten, die an frisch geschnittenes Gras erinnern. Geschmack Ausgesprochen harmonisch und ausgewogen, angenehme Bitter- und angenehm w\u00fcrzige Noten. KAUFEN<\/p>\n","protected":false},"author":1,"featured_media":0,"parent":0,"menu_order":0,"comment_status":"closed","ping_status":"closed","template":"","meta":{"footnotes":""},"class_list":["post-5449","page","type-page","status-publish","hentry"],"yoast_head":"<!-- This site is optimized with the Yoast SEO plugin v27.5 - https:\/\/yoast.com\/product\/yoast-seo-wordpress\/ -->\n<title>Olio EVO - Arcolive - Agritur - Arco - Garda Trentino<\/title>\n<meta name=\"description\" content=\"All&#039;agritur Arcolive di Arco \u00e8 possibile acquistare l&#039;olio extra vergine di oliva prodotto dalla direttamente dalla nostra olivaia.\" \/>\n<meta name=\"robots\" content=\"index, follow, max-snippet:-1, max-image-preview:large, max-video-preview:-1\" \/>\n<link rel=\"canonical\" href=\"https:\/\/www.arcolive.it\/olio\/\" \/>\n<meta property=\"og:locale\" content=\"de_DE\" \/>\n<meta property=\"og:type\" content=\"article\" \/>\n<meta property=\"og:title\" content=\"Olio EVO - Arcolive - Agritur - Arco - Garda Trentino\" \/>\n<meta property=\"og:description\" content=\"All&#039;agritur Arcolive di Arco \u00e8 possibile acquistare l&#039;olio extra vergine di oliva prodotto dalla direttamente dalla nostra olivaia.\" \/>\n<meta property=\"og:url\" content=\"https:\/\/www.arcolive.it\/olio\/\" \/>\n<meta property=\"og:site_name\" content=\"Arcolive\" \/>\n<meta property=\"article:modified_time\" content=\"2022-01-25T09:58:46+00:00\" \/>\n<meta property=\"og:image\" content=\"https:\/\/www.arcolive.it\/wp-content\/uploads\/2021\/02\/IMG_9658.jpg\" \/>\n<meta name=\"twitter:card\" content=\"summary_large_image\" \/>\n<meta name=\"twitter:label1\" content=\"Gesch\u00e4tzte Lesezeit\" \/>\n\t<meta name=\"twitter:data1\" content=\"2\u00a0Minuten\" \/>\n<script type=\"application\/ld+json\" class=\"yoast-schema-graph\">{\"@context\":\"https:\\\/\\\/schema.org\",\"@graph\":[{\"@type\":\"WebPage\",\"@id\":\"https:\\\/\\\/www.arcolive.it\\\/olio\\\/\",\"url\":\"https:\\\/\\\/www.arcolive.it\\\/olio\\\/\",\"name\":\"Olio EVO - Arcolive - Agritur - Arco - Garda Trentino\",\"isPartOf\":{\"@id\":\"https:\\\/\\\/www.arcolive.it\\\/#website\"},\"primaryImageOfPage\":{\"@id\":\"https:\\\/\\\/www.arcolive.it\\\/olio\\\/#primaryimage\"},\"image\":{\"@id\":\"https:\\\/\\\/www.arcolive.it\\\/olio\\\/#primaryimage\"},\"thumbnailUrl\":\"https:\\\/\\\/www.arcolive.it\\\/wp-content\\\/uploads\\\/2021\\\/02\\\/IMG_9658.jpg\",\"datePublished\":\"2021-04-12T09:51:40+00:00\",\"dateModified\":\"2022-01-25T09:58:46+00:00\",\"description\":\"All'agritur Arcolive di Arco \u00e8 possibile acquistare l'olio extra vergine di oliva prodotto dalla direttamente dalla nostra olivaia.\",\"breadcrumb\":{\"@id\":\"https:\\\/\\\/www.arcolive.it\\\/olio\\\/#breadcrumb\"},\"inLanguage\":\"de\",\"potentialAction\":[{\"@type\":\"ReadAction\",\"target\":[\"https:\\\/\\\/www.arcolive.it\\\/olio\\\/\"]}]},{\"@type\":\"ImageObject\",\"inLanguage\":\"de\",\"@id\":\"https:\\\/\\\/www.arcolive.it\\\/olio\\\/#primaryimage\",\"url\":\"https:\\\/\\\/www.arcolive.it\\\/wp-content\\\/uploads\\\/2021\\\/02\\\/IMG_9658.jpg\",\"contentUrl\":\"https:\\\/\\\/www.arcolive.it\\\/wp-content\\\/uploads\\\/2021\\\/02\\\/IMG_9658.jpg\"},{\"@type\":\"BreadcrumbList\",\"@id\":\"https:\\\/\\\/www.arcolive.it\\\/olio\\\/#breadcrumb\",\"itemListElement\":[{\"@type\":\"ListItem\",\"position\":1,\"name\":\"Home\",\"item\":\"https:\\\/\\\/www.arcolive.it\\\/de\\\/\"},{\"@type\":\"ListItem\",\"position\":2,\"name\":\"Olio EVO\"}]},{\"@type\":\"WebSite\",\"@id\":\"https:\\\/\\\/www.arcolive.it\\\/#website\",\"url\":\"https:\\\/\\\/www.arcolive.it\\\/\",\"name\":\"Arcolive\",\"description\":\"Agrisuite\",\"potentialAction\":[{\"@type\":\"SearchAction\",\"target\":{\"@type\":\"EntryPoint\",\"urlTemplate\":\"https:\\\/\\\/www.arcolive.it\\\/?s={search_term_string}\"},\"query-input\":{\"@type\":\"PropertyValueSpecification\",\"valueRequired\":true,\"valueName\":\"search_term_string\"}}],\"inLanguage\":\"de\"}]}<\/script>\n<!-- \/ Yoast SEO plugin. -->","yoast_head_json":{"title":"Olio EVO - Arcolive - Agritur - Arco - Garda Trentino","description":"All'agritur Arcolive di Arco \u00e8 possibile acquistare l'olio extra vergine di oliva prodotto dalla direttamente dalla nostra olivaia.","robots":{"index":"index","follow":"follow","max-snippet":"max-snippet:-1","max-image-preview":"max-image-preview:large","max-video-preview":"max-video-preview:-1"},"canonical":"https:\/\/www.arcolive.it\/olio\/","og_locale":"de_DE","og_type":"article","og_title":"Olio EVO - Arcolive - Agritur - Arco - Garda Trentino","og_description":"All'agritur Arcolive di Arco \u00e8 possibile acquistare l'olio extra vergine di oliva prodotto dalla direttamente dalla nostra olivaia.","og_url":"https:\/\/www.arcolive.it\/olio\/","og_site_name":"Arcolive","article_modified_time":"2022-01-25T09:58:46+00:00","og_image":[{"url":"https:\/\/www.arcolive.it\/wp-content\/uploads\/2021\/02\/IMG_9658.jpg","type":"","width":"","height":""}],"twitter_card":"summary_large_image","twitter_misc":{"Gesch\u00e4tzte Lesezeit":"2\u00a0Minuten"},"schema":{"@context":"https:\/\/schema.org","@graph":[{"@type":"WebPage","@id":"https:\/\/www.arcolive.it\/olio\/","url":"https:\/\/www.arcolive.it\/olio\/","name":"Olio EVO - Arcolive - Agritur - Arco - Garda Trentino","isPartOf":{"@id":"https:\/\/www.arcolive.it\/#website"},"primaryImageOfPage":{"@id":"https:\/\/www.arcolive.it\/olio\/#primaryimage"},"image":{"@id":"https:\/\/www.arcolive.it\/olio\/#primaryimage"},"thumbnailUrl":"https:\/\/www.arcolive.it\/wp-content\/uploads\/2021\/02\/IMG_9658.jpg","datePublished":"2021-04-12T09:51:40+00:00","dateModified":"2022-01-25T09:58:46+00:00","description":"All'agritur Arcolive di Arco \u00e8 possibile acquistare l'olio extra vergine di oliva prodotto dalla direttamente dalla nostra olivaia.","breadcrumb":{"@id":"https:\/\/www.arcolive.it\/olio\/#breadcrumb"},"inLanguage":"de","potentialAction":[{"@type":"ReadAction","target":["https:\/\/www.arcolive.it\/olio\/"]}]},{"@type":"ImageObject","inLanguage":"de","@id":"https:\/\/www.arcolive.it\/olio\/#primaryimage","url":"https:\/\/www.arcolive.it\/wp-content\/uploads\/2021\/02\/IMG_9658.jpg","contentUrl":"https:\/\/www.arcolive.it\/wp-content\/uploads\/2021\/02\/IMG_9658.jpg"},{"@type":"BreadcrumbList","@id":"https:\/\/www.arcolive.it\/olio\/#breadcrumb","itemListElement":[{"@type":"ListItem","position":1,"name":"Home","item":"https:\/\/www.arcolive.it\/de\/"},{"@type":"ListItem","position":2,"name":"Olio EVO"}]},{"@type":"WebSite","@id":"https:\/\/www.arcolive.it\/#website","url":"https:\/\/www.arcolive.it\/","name":"Arcolive","description":"Agrisuite","potentialAction":[{"@type":"SearchAction","target":{"@type":"EntryPoint","urlTemplate":"https:\/\/www.arcolive.it\/?s={search_term_string}"},"query-input":{"@type":"PropertyValueSpecification","valueRequired":true,"valueName":"search_term_string"}}],"inLanguage":"de"}]}},"_links":{"self":[{"href":"https:\/\/www.arcolive.it\/de\/wp-json\/wp\/v2\/pages\/5449","targetHints":{"allow":["GET"]}}],"collection":[{"href":"https:\/\/www.arcolive.it\/de\/wp-json\/wp\/v2\/pages"}],"about":[{"href":"https:\/\/www.arcolive.it\/de\/wp-json\/wp\/v2\/types\/page"}],"author":[{"embeddable":true,"href":"https:\/\/www.arcolive.it\/de\/wp-json\/wp\/v2\/users\/1"}],"replies":[{"embeddable":true,"href":"https:\/\/www.arcolive.it\/de\/wp-json\/wp\/v2\/comments?post=5449"}],"version-history":[{"count":5,"href":"https:\/\/www.arcolive.it\/de\/wp-json\/wp\/v2\/pages\/5449\/revisions"}],"predecessor-version":[{"id":6863,"href":"https:\/\/www.arcolive.it\/de\/wp-json\/wp\/v2\/pages\/5449\/revisions\/6863"}],"wp:attachment":[{"href":"https:\/\/www.arcolive.it\/de\/wp-json\/wp\/v2\/media?parent=5449"}],"curies":[{"name":"wp","href":"https:\/\/api.w.org\/{rel}","templated":true}]}}